{"id":6,"date":"2025-10-29T09:22:40","date_gmt":"2025-10-29T09:22:40","guid":{"rendered":"https:\/\/www.digitaalinenoppiminen.fi\/?page_id=6"},"modified":"2025-11-07T09:35:24","modified_gmt":"2025-11-07T09:35:24","slug":"6-2","status":"publish","type":"page","link":"https:\/\/www.digitaalinenoppiminen.fi\/","title":{"rendered":"coming soon"},"content":{"rendered":"\n<div class=\"wp-block-cover\"><img loading=\"lazy\" decoding=\"async\" width=\"1920\" height=\"800\" class=\"wp-block-cover__image-background wp-image-16\" alt=\"\" src=\"https:\/\/www.digitaalinenoppiminen.fi\/wp-content\/uploads\/2025\/10\/a.webp\" data-object-fit=\"cover\" srcset=\"https:\/\/www.digitaalinenoppiminen.fi\/wp-content\/uploads\/2025\/10\/a.webp 1920w, https:\/\/www.digitaalinenoppiminen.fi\/wp-content\/uploads\/2025\/10\/a-300x125.webp 300w, https:\/\/www.digitaalinenoppiminen.fi\/wp-content\/uploads\/2025\/10\/a-1024x427.webp 1024w, https:\/\/www.digitaalinenoppiminen.fi\/wp-content\/uploads\/2025\/10\/a-768x320.webp 768w, https:\/\/www.digitaalinenoppiminen.fi\/wp-content\/uploads\/2025\/10\/a-1536x640.webp 1536w\" sizes=\"auto, (max-width: 1920px) 100vw, 1920px\" \/><span aria-hidden=\"true\" class=\"wp-block-cover__background has-background-dim\"><\/span><div class=\"wp-block-cover__inner-container is-layout-flow wp-block-cover-is-layout-flow\">\n<p class=\"has-text-align-center has-large-font-size wp-block-paragraph\"><\/p>\n<\/div><\/div>\n\n\n\n<p class=\"wp-block-paragraph\"><strong>Sivusto rakenteilla<\/strong><br>Olemme rakentamassa digitaalista oppimisen kotia, joka keskittyy teko\u00e4lyn, koneoppimisen ja uusien teknologioiden opiskeluun. Tavoitteemme on tarjota selkeit\u00e4 oppaita, ty\u00f6kaluvertailuja ja k\u00e4yt\u00e4nn\u00f6n vinkkej\u00e4, joiden avulla voit kehitt\u00e4\u00e4 taitojasi nopeasti muuttuvassa digitaalisessa maailmassa.<\/p>\n\n\n\n<p class=\"wp-block-paragraph\">Pysy kuulolla \u2014 pian l\u00f6yd\u00e4t t\u00e4\u00e4lt\u00e4 parhaat resurssit teko\u00e4lyn ja teknologian oppimiseen!<\/p>\n","protected":false},"excerpt":{"rendered":"<p>Sivusto rakenteillaOlemme rakentamassa digitaalista oppimisen kotia, joka keskittyy teko\u00e4lyn, koneoppimisen ja uusien teknologioiden opiskeluun. Tavoitteemme on tarjota selkeit\u00e4 oppaita, ty\u00f6kaluvertailuja ja k\u00e4yt\u00e4nn\u00f6n vinkkej\u00e4, joiden avulla voit kehitt\u00e4\u00e4 taitojasi nopeasti muuttuvassa digitaalisessa maailmassa. Pysy kuulolla \u2014 pian l\u00f6yd\u00e4t t\u00e4\u00e4lt\u00e4 parhaat resurssit teko\u00e4lyn ja teknologian oppimiseen!<\/p>\n","protected":false},"author":1,"featured_media":20,"parent":0,"menu_order":0,"comment_status":"closed","ping_status":"closed","template":"","meta":{"_crdt_document":"","footnotes":""},"class_list":["post-6","page","type-page","status-publish","has-post-thumbnail","hentry"],"_links":{"self":[{"href":"https:\/\/www.digitaalinenoppiminen.fi\/index.php\/wp-json\/wp\/v2\/pages\/6","targetHints":{"allow":["GET"]}}],"collection":[{"href":"https:\/\/www.digitaalinenoppiminen.fi\/index.php\/wp-json\/wp\/v2\/pages"}],"about":[{"href":"https:\/\/www.digitaalinenoppiminen.fi\/index.php\/wp-json\/wp\/v2\/types\/page"}],"author":[{"embeddable":true,"href":"https:\/\/www.digitaalinenoppiminen.fi\/index.php\/wp-json\/wp\/v2\/users\/1"}],"replies":[{"embeddable":true,"href":"https:\/\/www.digitaalinenoppiminen.fi\/index.php\/wp-json\/wp\/v2\/comments?post=6"}],"version-history":[{"count":6,"href":"https:\/\/www.digitaalinenoppiminen.fi\/index.php\/wp-json\/wp\/v2\/pages\/6\/revisions"}],"predecessor-version":[{"id":23,"href":"https:\/\/www.digitaalinenoppiminen.fi\/index.php\/wp-json\/wp\/v2\/pages\/6\/revisions\/23"}],"wp:featuredmedia":[{"embeddable":true,"href":"https:\/\/www.digitaalinenoppiminen.fi\/index.php\/wp-json\/wp\/v2\/media\/20"}],"wp:attachment":[{"href":"https:\/\/www.digitaalinenoppiminen.fi\/index.php\/wp-json\/wp\/v2\/media?parent=6"}],"curies":[{"name":"wp","href":"https:\/\/api.w.org\/{rel}","templated":true}]}}